{"id":266,"date":"2017-05-09T18:55:50","date_gmt":"2017-05-09T16:55:50","guid":{"rendered":"http:\/\/delafoy.fr\/avocat\/?page_id=266"},"modified":"2022-09-22T10:03:50","modified_gmt":"2022-09-22T08:03:50","slug":"mentions-legales","status":"publish","type":"page","link":"https:\/\/www.delafoy.fr\/avocat\/?page_id=266","title":{"rendered":"Mentions l\u00e9gales"},"content":{"rendered":"<p>[vc_row][vc_column width=\u00a0\u00bb1\/4&Prime; animate_once=\u00a0\u00bbyes\u00a0\u00bb effect=\u00a0\u00bbfadeInLeft\u00a0\u00bb][vc_single_image image=\u00a0\u00bb724&Prime; img_size=\u00a0\u00bbfull\u00a0\u00bb][\/vc_column][vc_column width=\u00a0\u00bb3\/4&Prime; effect=\u00a0\u00bbfadeInRight\u00a0\u00bb]<div class=\"wpb_content_element \"><style type=\"text\/css\" scoped>#ut_header_69e16210a1224 h2 { font-size: 22px !important; }<\/style><header id=\"ut_header_69e16210a1224\" class=\"section-header pt-style-7 header-left\"><h2 class=\"section-title\"><span>Mentions l\u00e9gales<\/span><\/h2><\/header><\/div>[vc_text_separator title=\u00a0\u00bb\u00c9diteur\u00a0\u00bb i_icon_fontawesome=\u00a0\u00bbfa fa-bookmark-o\u00a0\u00bb i_color=\u00a0\u00bbcustom\u00a0\u00bb title_align=\u00a0\u00bbseparator_align_left\u00a0\u00bb color=\u00a0\u00bbcustom\u00a0\u00bb add_icon=\u00a0\u00bbtrue\u00a0\u00bb accent_color=\u00a0\u00bb#727272&Prime; i_custom_color=\u00a0\u00bb#727272&Prime;][vc_column_text css=\u00a0\u00bb.vc_custom_1658397698673{margin-top: -20px !important;}\u00a0\u00bb]<\/p>\n<p align=\"justify\">Hugues Delafoy<br \/>\nAvocat inscrit aupr\u00e8s du Barreau de Toulouse<br \/>\nAdresse : 11, rue d&rsquo;Alsace-Lorraine, 31000 Toulouse<br \/>\nSIRET : 529 714 099 00064<br \/>\nCode NAF : 6910Z<\/p>\n<p>[\/vc_column_text][vc_text_separator title=\u00a0\u00bbDirecteur de la publication\u00a0\u00bb i_icon_fontawesome=\u00a0\u00bbfa fa-bookmark-o\u00a0\u00bb i_color=\u00a0\u00bbcustom\u00a0\u00bb title_align=\u00a0\u00bbseparator_align_left\u00a0\u00bb color=\u00a0\u00bbcustom\u00a0\u00bb add_icon=\u00a0\u00bbtrue\u00a0\u00bb accent_color=\u00a0\u00bb#727272&Prime; i_custom_color=\u00a0\u00bb#727272&Prime;][vc_column_text css=\u00a0\u00bb.vc_custom_1626767243120{margin-top: -20px !important;}\u00a0\u00bb]<\/p>\n<p align=\"justify\">Hugues Delafoy<\/p>\n<p>[\/vc_column_text][vc_text_separator title=\u00a0\u00bbDonn\u00e9es personnelles\u00a0\u00bb i_icon_fontawesome=\u00a0\u00bbfa fa-bookmark-o\u00a0\u00bb i_color=\u00a0\u00bbcustom\u00a0\u00bb title_align=\u00a0\u00bbseparator_align_left\u00a0\u00bb color=\u00a0\u00bbcustom\u00a0\u00bb add_icon=\u00a0\u00bbtrue\u00a0\u00bb accent_color=\u00a0\u00bb#727272&Prime; i_custom_color=\u00a0\u00bb#727272&Prime;][vc_column_text]<\/p>\n<p align=\"justify\">Les donn\u00e9es personnelles recueillies sur le site ne servent qu\u2019\u00e0 des fins de gestion des demandes et de statistiques interne. Aucune information personnelle n\u2019est c\u00e9d\u00e9e \u00e0 un tiers.<\/p>\n<p align=\"justify\">Conform\u00e9ment \u00e0 l\u2019article 34 de la loi Informatique et Libert\u00e9 du 6 janvier 1978 modifi\u00e9e par la loi du 6 ao\u00fbt 2004, vous disposez d\u2019un droit d\u2019acc\u00e8s, de modification, de rectification et de suppression des donn\u00e9es vous concernant et d\u2019un droit d\u2019opposition \u00e0 l\u2019utilisation ult\u00e9rieure de ces donn\u00e9es.<\/p>\n<p align=\"justify\">Vous pouvez exercer ce droit aupr\u00e8s\u00a0de Ma\u00eetre Delafoy.<\/p>\n<p align=\"justify\">Pour plus de pr\u00e9cisions, consultez notre page \u00ab <a href=\"https:\/\/www.delafoy.fr\/avocat\/?page_id=744\">politique de confidentialit\u00e9<\/a> \u00bb.<\/p>\n<p>[\/vc_column_text][vc_text_separator title=\u00a0\u00bbGestion des liens\u00a0\u00bb i_icon_fontawesome=\u00a0\u00bbfa fa-bookmark-o\u00a0\u00bb i_color=\u00a0\u00bbcustom\u00a0\u00bb title_align=\u00a0\u00bbseparator_align_left\u00a0\u00bb color=\u00a0\u00bbcustom\u00a0\u00bb add_icon=\u00a0\u00bbtrue\u00a0\u00bb accent_color=\u00a0\u00bb#727272&Prime; i_custom_color=\u00a0\u00bb#727272&Prime;][vc_column_text]<\/p>\n<p align=\"justify\">Ma\u00eetre Delafoy autorise la mise en place de liens hypertextes vers son site pour tous les sites \u00e0 l\u2019exclusion de ceux diffusant des informations \u00e0 caract\u00e8re raciste, pornographique, x\u00e9nophobe ou pouvant porter atteinte \u00e0 la sensibilit\u00e9 du plus grand nombre. Sauf autorisation \u00e9crite, les pages du site https:\/\/www.delafoy.fr ne doivent pas \u00eatre affich\u00e9es \u00e0 l\u2019int\u00e9rieur des pages d\u2019un autre site, mais appara\u00eetre dans une nouvelle fen\u00eatre.<\/p>\n<p align=\"justify\">Les sites externes sur lesquels pointe le site https:\/\/www.delafoy.fr, ne sont pas sous la responsabilit\u00e9 de Ma\u00eetre Delafoy qui ne peut donc pas \u00eatre tenu pour responsable du contenu de ces sites, des liens qu\u2019ils contiennent, ni des changements ou mises \u00e0 jour qui leur sont apport\u00e9s.<\/p>\n<p>[\/vc_column_text][vc_text_separator title=\u00a0\u00bbDroits d&rsquo;auteur &amp; propri\u00e9t\u00e9 intellectuelle\u00a0\u00bb i_icon_fontawesome=\u00a0\u00bbfa fa-bookmark-o\u00a0\u00bb i_color=\u00a0\u00bbcustom\u00a0\u00bb title_align=\u00a0\u00bbseparator_align_left\u00a0\u00bb color=\u00a0\u00bbcustom\u00a0\u00bb add_icon=\u00a0\u00bbtrue\u00a0\u00bb accent_color=\u00a0\u00bb#727272&Prime; i_custom_color=\u00a0\u00bb#727272&Prime;][vc_column_text]<\/p>\n<p align=\"justify\">L\u2019ensemble de ce site web est une \u0153uvre de l\u2019esprit et rel\u00e8ve de la l\u00e9gislation fran\u00e7aise et internationale sur le droit d\u2019auteur et de la propri\u00e9t\u00e9 intellectuelle. Tous les droits de reproduction sont r\u00e9serv\u00e9s, y compris pour les documents t\u00e9l\u00e9chargeables et les repr\u00e9sentations iconographiques et photographiques.<\/p>\n<p align=\"justify\">Les visuels d\u2019illustration de ce site sont la propri\u00e9t\u00e9 de Ma\u00eetre Delafoy, ou de tiers l\u2019ayant autoris\u00e9 \u00e0 les utiliser.<\/p>\n<p align=\"justify\">Les reproductions de tout ou partie de ce site sur un support papier ou \u00e9lectronique ne sont autoris\u00e9es que pour un usage personnel et priv\u00e9 conforme aux dispositions du code de la Propri\u00e9t\u00e9 Intellectuelle. Ces reproductions devront mentionner de fa\u00e7on claire et lisible la source et l\u2019auteur du site. En aucun cas, ces reproductions ne sauraient porter pr\u00e9judice aux auteurs.<\/p>\n<p align=\"justify\">Pour toute autre utilisation, veuillez contacter le directeur de la publication du site.<\/p>\n<p>[\/vc_column_text][vc_text_separator title=\u00a0\u00bbH\u00e9bergeur\u00a0\u00bb i_icon_fontawesome=\u00a0\u00bbfa fa-bookmark-o\u00a0\u00bb i_color=\u00a0\u00bbcustom\u00a0\u00bb title_align=\u00a0\u00bbseparator_align_left\u00a0\u00bb color=\u00a0\u00bbcustom\u00a0\u00bb add_icon=\u00a0\u00bbtrue\u00a0\u00bb accent_color=\u00a0\u00bb#727272&Prime; i_custom_color=\u00a0\u00bb#727272&Prime;][vc_column_text]OVH \u2013 SAS<br \/>\nRCS Roubaix-Tourcoing B 424 761 419<br \/>\nSi\u00e8ge social : 2 rue Kellermann 59100 Roubaix \u2013 France[\/vc_column_text][\/vc_column][\/vc_row]<\/p>\n","protected":false},"excerpt":{"rendered":"<p>[vc_row][vc_column width=\u00a0\u00bb1\/4&Prime; animate_once=\u00a0\u00bbyes\u00a0\u00bb effect=\u00a0\u00bbfadeInLeft\u00a0\u00bb][vc_single_image image=\u00a0\u00bb724&Prime; img_size=\u00a0\u00bbfull\u00a0\u00bb][\/vc_column][vc_column width=\u00a0\u00bb3\/4&Prime; effect=\u00a0\u00bbfadeInRight\u00a0\u00bb][vc_text_separator title=\u00a0\u00bb\u00c9diteur\u00a0\u00bb i_icon_fontawesome=\u00a0\u00bbfa fa-bookmark-o\u00a0\u00bb i_color=\u00a0\u00bbcustom\u00a0\u00bb title_align=\u00a0\u00bbseparator_align_left\u00a0\u00bb color=\u00a0\u00bbcustom\u00a0\u00bb add_icon=\u00a0\u00bbtrue\u00a0\u00bb accent_color=\u00a0\u00bb#727272&Prime; i_custom_color=\u00a0\u00bb#727272&Prime;][vc_column_text css=\u00a0\u00bb.vc_custom_1658397698673{margin-top: -20px !important;}\u00a0\u00bb] Hugues Delafoy Avocat inscrit aupr\u00e8s du Barreau de Toulouse Adresse : 11, rue d&rsquo;Alsace-Lorraine, 31000 Toulouse SIRET : 529 714 099 00064 Code NAF : 6910Z [\/vc_column_text][vc_text_separator title=\u00a0\u00bbDirecteur de la publication\u00a0\u00bb i_icon_fontawesome=\u00a0\u00bbfa fa-bookmark-o\u00a0\u00bb i_color=\u00a0\u00bbcustom\u00a0\u00bb title_align=\u00a0\u00bbseparator_align_left\u00a0\u00bb [&hellip;]<\/p>\n","protected":false},"author":1,"featured_media":0,"parent":0,"menu_order":10,"comment_status":"closed","ping_status":"closed","template":"","meta":{"footnotes":""},"class_list":["post-266","page","type-page","status-publish","hentry"],"_links":{"self":[{"href":"https:\/\/www.delafoy.fr\/avocat\/index.php?rest_route=\/wp\/v2\/pages\/266","targetHints":{"allow":["GET"]}}],"collection":[{"href":"https:\/\/www.delafoy.fr\/avocat\/index.php?rest_route=\/wp\/v2\/pages"}],"about":[{"href":"https:\/\/www.delafoy.fr\/avocat\/index.php?rest_route=\/wp\/v2\/types\/page"}],"author":[{"embeddable":true,"href":"https:\/\/www.delafoy.fr\/avocat\/index.php?rest_route=\/wp\/v2\/users\/1"}],"replies":[{"embeddable":true,"href":"https:\/\/www.delafoy.fr\/avocat\/index.php?rest_route=%2Fwp%2Fv2%2Fcomments&post=266"}],"version-history":[{"count":38,"href":"https:\/\/www.delafoy.fr\/avocat\/index.php?rest_route=\/wp\/v2\/pages\/266\/revisions"}],"predecessor-version":[{"id":1038,"href":"https:\/\/www.delafoy.fr\/avocat\/index.php?rest_route=\/wp\/v2\/pages\/266\/revisions\/1038"}],"wp:attachment":[{"href":"https:\/\/www.delafoy.fr\/avocat\/index.php?rest_route=%2Fwp%2Fv2%2Fmedia&parent=266"}],"curies":[{"name":"wp","href":"https:\/\/api.w.org\/{rel}","templated":true}]}}