{"id":744,"date":"2021-07-20T10:37:24","date_gmt":"2021-07-20T08:37:24","guid":{"rendered":"https:\/\/www.delafoy.fr\/avocat\/?page_id=744"},"modified":"2022-09-22T10:06:56","modified_gmt":"2022-09-22T08:06:56","slug":"politique-de-confidentialite","status":"publish","type":"page","link":"https:\/\/www.delafoy.fr\/avocat\/?page_id=744","title":{"rendered":"Politique de confidentialit\u00e9"},"content":{"rendered":"<p>[vc_row][vc_column width=\u00a0\u00bb1\/4&Prime; animate_once=\u00a0\u00bbyes\u00a0\u00bb effect=\u00a0\u00bbfadeInLeft\u00a0\u00bb][vc_single_image image=\u00a0\u00bb724&Prime; img_size=\u00a0\u00bbfull\u00a0\u00bb][\/vc_column][vc_column width=\u00a0\u00bb3\/4&Prime; effect=\u00a0\u00bbfadeInRight\u00a0\u00bb]<div class=\"wpb_content_element \"><style type=\"text\/css\" scoped>#ut_header_69e162d91506f h2 { font-size: 22px !important; }<\/style><header id=\"ut_header_69e162d91506f\" class=\"section-header pt-style-7 header-left\"><h2 class=\"section-title\"><span>Politique de confidentialit\u00e9<\/span><\/h2><\/header><\/div>[vc_column_text css=\u00a0\u00bb.vc_custom_1626770209601{margin-top: -20px !important;}\u00a0\u00bb]<\/p>\n<div style=\"text-align: justify;\">\n<p>&nbsp;<\/p>\n<p>Ma\u00eetre Delafoy s\u2019engage \u00e0 prot\u00e9ger votre vie priv\u00e9e et prend tr\u00e8s au s\u00e9rieux le respect de ses obligations quant \u00e0 la s\u00e9curit\u00e9 des informations de ses clients. Nous sommes clairs et transparents au sujet des informations que nous recueillons et de l\u2019utilisation que nous en faisons.<\/p>\n<p>La pr\u00e9sente politique de confidentialit\u00e9 \u00e9nonce ce qui suit :<\/p>\n<ul>\n<li>Quelles sont les donn\u00e9es personnelles que nous collectons<\/li>\n<li>Qui a acc\u00e8s et contr\u00f4le ces donn\u00e9es<\/li>\n<li>A quelles fins nous utilisons ces donn\u00e9es et pour combien de temps<\/li>\n<li>Comment nous prot\u00e9geons l\u2019envoi de vos donn\u00e9es<\/li>\n<li>Quelle utilisation nous faisons des cookies enregistr\u00e9s par votre navigateur<\/li>\n<li>Comment nous abordons vos droits en mati\u00e8re de protection des donn\u00e9es<\/li>\n<\/ul>\n<p>Toutes les donn\u00e9es personnelles sont collect\u00e9es et trait\u00e9es conform\u00e9ment aux articles 13 et 14 du R\u00e8glement (UE) g\u00e9n\u00e9ral 2016\/679 sur la protection des donn\u00e9es du Parlement europ\u00e9en et du Conseil du 27 avril 2016 et de l\u2019article 32 de la loi \u00ab informatique et libert\u00e9s \u00bb du 6 janvier 1978 modifi\u00e9e en 2004.<\/p>\n<\/div>\n<p>[\/vc_column_text][vc_text_separator title=\u00a0\u00bbDonn\u00e9es collect\u00e9es\u00a0\u00bb i_icon_fontawesome=\u00a0\u00bbfa fa-lock\u00a0\u00bb i_color=\u00a0\u00bbcustom\u00a0\u00bb title_align=\u00a0\u00bbseparator_align_left\u00a0\u00bb color=\u00a0\u00bbcustom\u00a0\u00bb add_icon=\u00a0\u00bbtrue\u00a0\u00bb accent_color=\u00a0\u00bb#727272&Prime; i_custom_color=\u00a0\u00bb#727272&Prime;][vc_column_text css=\u00a0\u00bb.vc_custom_1626769142790{margin-top: -20px !important;}\u00a0\u00bb]<\/p>\n<div style=\"text-align: justify;\">\n<p>Par \u00ab donn\u00e9es personnelles \u00bb nous entendons toutes donn\u00e9es vous concernant qui nous permettent de vous identifier, telles que votre nom ainsi que les coordonn\u00e9es nous permettant de vous recontacter.<\/p>\n<p>Les informations recueillies par le biais de ce site se font \u00e0 travers le formulaire de contact int\u00e9gr\u00e9 au site web.<\/p>\n<p>L\u2019envoi de ce formulaire ne peut \u00eatre effectif qu\u2019apr\u00e8s avoir obtenu votre consentement.<\/p>\n<\/div>\n<p>[\/vc_column_text][vc_text_separator title=\u00a0\u00bbDestination &#038; contr\u00f4le des donn\u00e9es\u00a0\u00bb i_icon_fontawesome=\u00a0\u00bbfa fa-lock\u00a0\u00bb i_color=\u00a0\u00bbcustom\u00a0\u00bb title_align=\u00a0\u00bbseparator_align_left\u00a0\u00bb color=\u00a0\u00bbcustom\u00a0\u00bb add_icon=\u00a0\u00bbtrue\u00a0\u00bb accent_color=\u00a0\u00bb#727272&Prime; i_custom_color=\u00a0\u00bb#727272&Prime;][vc_column_text css=\u00a0\u00bb.vc_custom_1663833973428{margin-top: -20px !important;}\u00a0\u00bb]<\/p>\n<p align=\"justify\">Le destinataire des donn\u00e9es est Ma\u00eetre Hugues Delafoy, avocat situ\u00e9 11 rue d&rsquo;Alsace-Lorraine, 31000 Toulouse.<\/p>\n<p align=\"justify\">Ma\u00eetre Delafoy est \u00e9galement la personne responsable du contr\u00f4le de ces donn\u00e9es.<\/p>\n<p>[\/vc_column_text][vc_text_separator title=\u00a0\u00bbUtilisation &#038; dur\u00e9e\u00a0\u00bb i_icon_fontawesome=\u00a0\u00bbfa fa-lock\u00a0\u00bb i_color=\u00a0\u00bbcustom\u00a0\u00bb title_align=\u00a0\u00bbseparator_align_left\u00a0\u00bb color=\u00a0\u00bbcustom\u00a0\u00bb add_icon=\u00a0\u00bbtrue\u00a0\u00bb accent_color=\u00a0\u00bb#727272&Prime; i_custom_color=\u00a0\u00bb#727272&Prime;][vc_column_text]<\/p>\n<p>Je suis un bloc de texte, cliquez sur le bouton \\\u00a0\u00bb\u00e9diter\\\u00a0\u00bb pour me modifier. Lorem ipsum dolor sit amet, consectetur adipiscing elit. Ut elit tellus, luctus nec ullamcorper mattis, pulvinar dapibus leo.<\/p>\n<p>[\/vc_column_text][vc_text_separator title=\u00a0\u00bbProtection de l&rsquo;envoi des donn\u00e9es\u00a0\u00bb i_icon_fontawesome=\u00a0\u00bbfa fa-lock\u00a0\u00bb i_color=\u00a0\u00bbcustom\u00a0\u00bb title_align=\u00a0\u00bbseparator_align_left\u00a0\u00bb color=\u00a0\u00bbcustom\u00a0\u00bb add_icon=\u00a0\u00bbtrue\u00a0\u00bb accent_color=\u00a0\u00bb#727272&Prime; i_custom_color=\u00a0\u00bb#727272&Prime;][vc_column_text]<\/p>\n<p>Je suis un bloc de texte, cliquez sur le bouton \\\u00a0\u00bb\u00e9diter\\\u00a0\u00bb pour me modifier. Lorem ipsum dolor sit amet, consectetur adipiscing elit. Ut elit tellus, luctus nec ullamcorper mattis, pulvinar dapibus leo.<\/p>\n<p>[\/vc_column_text][vc_text_separator title=\u00a0\u00bbCookies &#038; suivi sur le site\u00a0\u00bb i_icon_fontawesome=\u00a0\u00bbfa fa-lock\u00a0\u00bb i_color=\u00a0\u00bbcustom\u00a0\u00bb title_align=\u00a0\u00bbseparator_align_left\u00a0\u00bb color=\u00a0\u00bbcustom\u00a0\u00bb add_icon=\u00a0\u00bbtrue\u00a0\u00bb accent_color=\u00a0\u00bb#727272&Prime; i_custom_color=\u00a0\u00bb#727272&Prime;][vc_column_text]<\/p>\n<p>Je suis un bloc de texte, cliquez sur le bouton \\\u00a0\u00bb\u00e9diter\\\u00a0\u00bb pour me modifier. Lorem ipsum dolor sit amet, consectetur adipiscing elit. Ut elit tellus, luctus nec ullamcorper mattis, pulvinar dapibus leo.<\/p>\n<p>[\/vc_column_text][vc_text_separator title=\u00a0\u00bbDroit \u00e0 la protection des donn\u00e9es\u00a0\u00bb i_icon_fontawesome=\u00a0\u00bbfa fa-lock\u00a0\u00bb i_color=\u00a0\u00bbcustom\u00a0\u00bb title_align=\u00a0\u00bbseparator_align_left\u00a0\u00bb color=\u00a0\u00bbcustom\u00a0\u00bb add_icon=\u00a0\u00bbtrue\u00a0\u00bb accent_color=\u00a0\u00bb#727272&Prime; i_custom_color=\u00a0\u00bb#727272&Prime;][vc_column_text]<\/p>\n<p>Je suis un bloc de texte, cliquez sur le bouton \\\u00a0\u00bb\u00e9diter\\\u00a0\u00bb pour me modifier. Lorem ipsum dolor sit amet, consectetur adipiscing elit. Ut elit tellus, luctus nec ullamcorper mattis, pulvinar dapibus leo.<\/p>\n<p>[\/vc_column_text][\/vc_column][\/vc_row]<\/p>\n","protected":false},"excerpt":{"rendered":"<p>[vc_row][vc_column width=\u00a0\u00bb1\/4&Prime; animate_once=\u00a0\u00bbyes\u00a0\u00bb effect=\u00a0\u00bbfadeInLeft\u00a0\u00bb][vc_single_image image=\u00a0\u00bb724&Prime; img_size=\u00a0\u00bbfull\u00a0\u00bb][\/vc_column][vc_column width=\u00a0\u00bb3\/4&Prime; effect=\u00a0\u00bbfadeInRight\u00a0\u00bb][vc_column_text css=\u00a0\u00bb.vc_custom_1626770209601{margin-top: -20px !important;}\u00a0\u00bb] &nbsp; Ma\u00eetre Delafoy s\u2019engage \u00e0 prot\u00e9ger votre vie priv\u00e9e et prend tr\u00e8s au s\u00e9rieux le respect de ses obligations quant \u00e0 la s\u00e9curit\u00e9 des informations de ses clients. Nous sommes clairs et transparents au sujet des informations que nous recueillons et de l\u2019utilisation que [&hellip;]<\/p>\n","protected":false},"author":1,"featured_media":0,"parent":0,"menu_order":0,"comment_status":"closed","ping_status":"closed","template":"","meta":{"footnotes":""},"class_list":["post-744","page","type-page","status-publish","hentry"],"_links":{"self":[{"href":"https:\/\/www.delafoy.fr\/avocat\/index.php?rest_route=\/wp\/v2\/pages\/744","targetHints":{"allow":["GET"]}}],"collection":[{"href":"https:\/\/www.delafoy.fr\/avocat\/index.php?rest_route=\/wp\/v2\/pages"}],"about":[{"href":"https:\/\/www.delafoy.fr\/avocat\/index.php?rest_route=\/wp\/v2\/types\/page"}],"author":[{"embeddable":true,"href":"https:\/\/www.delafoy.fr\/avocat\/index.php?rest_route=\/wp\/v2\/users\/1"}],"replies":[{"embeddable":true,"href":"https:\/\/www.delafoy.fr\/avocat\/index.php?rest_route=%2Fwp%2Fv2%2Fcomments&post=744"}],"version-history":[{"count":6,"href":"https:\/\/www.delafoy.fr\/avocat\/index.php?rest_route=\/wp\/v2\/pages\/744\/revisions"}],"predecessor-version":[{"id":1039,"href":"https:\/\/www.delafoy.fr\/avocat\/index.php?rest_route=\/wp\/v2\/pages\/744\/revisions\/1039"}],"wp:attachment":[{"href":"https:\/\/www.delafoy.fr\/avocat\/index.php?rest_route=%2Fwp%2Fv2%2Fmedia&parent=744"}],"curies":[{"name":"wp","href":"https:\/\/api.w.org\/{rel}","templated":true}]}}